{"id":1459,"date":"2019-02-11T11:33:28","date_gmt":"2019-02-11T09:33:28","guid":{"rendered":"http:\/\/www.estonianwildlifetours.com\/?page_id=1459"},"modified":"2019-02-11T16:42:17","modified_gmt":"2019-02-11T14:42:17","slug":"estland","status":"publish","type":"page","link":"https:\/\/estonianwildlifetours.com\/de\/estland\/","title":{"rendered":"Estland"},"content":{"rendered":"<p>\u00dcber Estland<\/p>\n<p>Estland ist ein Paradies f\u00fcr Naturfreunde: das Land trifft das Meer, die S\u00fcmpfe sind voll mit Urw\u00e4lder, Felder und Fl\u00fcsse und die Seen. Man k\u00f6nnte Estland das K\u00f6nigreich der S\u00fcmpfe nennen, weil \u00fcber ein Viertel des Landes mit S\u00fcmpfen bedeckt ist. In jedem Punkt auf dem Land ist der n\u00e4chste Sumpf immer weniger als 10 Kilometer entfernt.<\/p>\n<p>\u00dcberall gibt es f\u00fcnf Nationalparks und hunderte Naturschutzgebiete, die den Zweck erf\u00fcllen, die unikale estnische Natur zu erhalten. Estland ist wegen ihrer geografischen Position als eine der besten Vogelbeobachtungsziele betrachtet. Estland hat eine geringe Bev\u00f6lkerung, die Stra\u00dfen sind immer frei und es gibt eine gute Infrastruktur. Es ist auch wichtig, dass Estland wegen der niedrigen Bev\u00f6lkerungsdichte den Naturfreunden viel Platz anbieten kann.<\/p>\n<p>Es gibt Mobil- und Internetverbindung \u00fcberall des Landes. Deshalb ist es m\u00f6glich sogar in den meist-entfernte Orten mit der Welt verbindet zu bleiben: abgelegene Str\u00e4nde oder tiefe W\u00e4lder. Unsere Natur bietet die M\u00f6glichkeit durch das ganze Jahr die Natur zu beobachten.<\/p>\n<p>Estland hat viele unber\u00fchrte Strande, mehr als 1000 kleine Inseln, Kulturerbe, Urw\u00e4lder, Moore, S\u00fcmpfen, Fl\u00fcsse. Die alle sind Habitate f\u00fcr mehrere bedrohte Arte von Tiere und V\u00f6gel.<\/p>\n<p>Unsere westliche Taiga ist besonders reich mit verschiedene Arten. Hier gibt es viele Arten, die nirgendwo anders zu finden sind. Zum Beispiel, man kann das Gleith\u00f6rnchen nur in Estland und Schweden sehen. Unsere W\u00e4lder sind auch wegen der W\u00f6lfe, Luchse und B\u00e4ren interessant. Die Luchse and W\u00f6lfe k\u00f6nnen durch das ganze Jahr gesehen werden, aber die beste Zeit um B\u00e4ren, Biber und Elch zu beobachten ist von April bis September. Unsere K\u00fcstenwiesen und baumreichen Wiesen sind genauso wichtig wie die W\u00e4lder. In diesen Orten kann man die Pflanzarten sehen, die in dem Rest von Europa schon gef\u00e4hrdet oder ausgestorben sind. Zum Beispiel, im Jahre 2000 wurden 76 Arten von Gef\u00e4\u00dfpflanzen auf der Wiese von Laelatu gez\u00e4hlt. Es ist ein Rekord in Nord-Europa.<\/p>\n<p>\u00a0Einige gute Gr\u00fcnde, die estnische Natur zu besuchen:<\/p>\n<p>\u00b7\u00a0\u00a0\u00a0\u00a0\u00a0\u00a0 Estland hat eine der gr\u00f6\u00dften Bev\u00f6lkerungen von W\u00f6lfe und B\u00e4ren in der Welt<\/p>\n<p>\u00b7\u00a0\u00a0\u00a0\u00a0\u00a0\u00a0 Estland spielt die F\u00fchrungsrolle in der Erhaltung von Europ\u00e4ischen Nerz<\/p>\n<p>\u00b7\u00a0\u00a0\u00a0\u00a0\u00a0\u00a0 Wir haben 3-5 mal mehr B\u00e4ren pro Quadratkilometer als unsere Nachbarn.<\/p>\n<p>\u00b7\u00a0\u00a0\u00a0\u00a0\u00a0\u00a0 Etwa 10 Prozent der Europ\u00e4ischen Bev\u00f6lkerung von Kranich besucht Estland jeder Herbst.<\/p>\n<p>\u00b7\u00a0\u00a0\u00a0\u00a0\u00a0\u00a0 Der Schwarzstorch, das Auerhuhn, das Haselhuhn, der Tannenh\u00e4her. 40 000 Paare von Haselhuhn nisten hier.<\/p>\n<p>\u00b7\u00a0\u00a0\u00a0\u00a0\u00a0\u00a0 Der Braunb\u00e4r, die W\u00f6lfe, die Luchse, die Europ\u00e4ischen Biber und das Gleith\u00f6rnchen<\/p>\n<p>\u00b7\u00a0\u00a0\u00a0\u00a0\u00a0\u00a0 Schw\u00e4rme von Scheckenten<\/p>\n<p>\u00b7\u00a0\u00a0\u00a0\u00a0\u00a0\u00a0 8 Arte von Spechte<\/p>\n<p>\u00b7\u00a0\u00a0\u00a0\u00a0\u00a0\u00a0 Viermal mehr Uralk\u00e4uze und sechsmal mehr Wei\u00dfr\u00fcckenspechte als in Polen.<\/p>\n<p>\u00b7\u00a0\u00a0\u00a0\u00a0\u00a0\u00a0 Mehr Wei\u00dfr\u00fcckenspechte k\u00f6nnen in einem Nationalpark in Estland nisten als in den ganzen Schweden!<\/p>\n<p>\u00b7\u00a0\u00a0\u00a0\u00a0\u00a0\u00a0 Unsere atmosph\u00e4rischen Kieferw\u00e4lder \u2013 Habitate f\u00fcr Uralk\u00e4uze und die Sperlingsk\u00e4uze<\/p>\n<p>\u00b7\u00a0\u00a0\u00a0\u00a0\u00a0\u00a0 Hier gibt es 36 Arte von Orchideen zu finden<\/p>\n<p>\u00b7\u00a0\u00a0\u00a0\u00a0\u00a0\u00a0 Estnische Flora besteht aus 550 Arte von Moos, 1 440 Arte von Gef\u00e4\u00dfpflanzen, 3000 Arte von Algen und 800 Arte von Flechten<\/p>\n<p>\u00b7\u00a0\u00a0\u00a0\u00a0\u00a0\u00a0 Ein wunderbares Netz von unber\u00fchrte Auenhabitats, viel Naturraum und Schweigen<\/p>\n<p>\u00b7\u00a0\u00a0\u00a0\u00a0\u00a0\u00a0 Gro\u00dfe Gruppen von ziehende Wasserv\u00f6gel aus der Arktis \u2013 in Mai 1997 wurden 1 Million ziehende Wasservogel auf dem Vorgebirge P\u00f5\u00f5saspea gez\u00e4hlt.<\/p>\n<p>\u00b7\u00a0\u00a0\u00a0\u00a0\u00a0\u00a0 \u201eInternational Crane Assembly\u201c<\/p>\n<p>\u00b7\u00a0\u00a0\u00a0\u00a0\u00a0\u00a0 In Estland kann man etwa 900 gro\u00dfe Arten von Schmetterlinge finden, \u00fcber 1000 Arte von kleinen Schmetterlinge und mehr als 50 Arte von Libellen.<\/p>\n<p>Vogelbeobachtung<\/p>\n<p>Scheckenten-Beobachtungstour<\/p>\n<p>Wir organisieren f\u00fcr Sie eine Tour um Scheckenten zu beobachten. Die Tour findet in Saaremaa statt und dauert einen oder zwei Tage oder sogar das ganze Wochenende, wenn Sie m\u00f6chten. Die beste Zeit ist in Januar und Februar, aber es besteht auch die Chance, den Vogel im M\u00e4rz oder Anfang April zu sehen.<\/p>\n<p>Es ist m\u00f6glich, Scheckenten auf unserer Vogelwanderungstour im April zu sehen, allerdings mit geringerer Wahrscheinlichkeit als im Winter.<\/p>\n<p>Die meisten Scheckenten, die an der Ostsee \u00fcberwintern bleiben in den estnischen K\u00fcstengew\u00e4ssern. Seit 1975 werden regelm\u00e4\u00dfig Schw\u00e4rme von 100-300 V\u00f6geln gemeldet. Die gesch\u00e4tzte Bev\u00f6lkerung von 3000-5000 V\u00f6geln in 1991-1996 ist heutzutage 1500-2000 V\u00f6gel gesunken.<\/p>\n<p>Orchideen und Schmetterlinge<\/p>\n<p>Die estnische Natur bietet eine Vielzahl von Insekten, Libellen und Schmetterlingen, und all dies finden Sie in einer prachtvollen Landschaft. Eine Vielzahl von Mooren \u00fcberdecken etwa 10% Estlands, und wir sind weltweit f\u00fchrend mit unseren gesch\u00fctzten Mooren. Wegen der intensiven Landwirtschaft im dicht bev\u00f6lkerten Europa wurden fast alle Moore zerst\u00f6rt, und Natursch\u00fctzer versuchen diese wiederherzustellen. Etwa die halbe Fl\u00e4che Estlands ist von W\u00e4ldern bedeckt, und in Estland finden sie mehr K\u00fcstenwiesen, Alvargelandschaften und Waldl\u00e4nder als in jedem anderen Land Europas. Hier befindet sich auch eine der gr\u00f6\u00dften Wiesen Europas, die 4000 Hektar gro\u00dfe Kasariwiese. Viele der obengenannten Lebensr\u00e4ume sind f\u00fcr seltene Schmetterlinge und Libellen lebenswichtig.<\/p>\n<p>Die Grenze zwischen den ost- und mitteleurop\u00e4ischen biogeographischen Regionen verl\u00e4uft durch Estland. Dies spiegelt sich in der Zusammensetzung der Flora wieder, und in der Tatsache, dass 538 Arten und Unterarten von Gef\u00e4\u00dfpflanzen (35% aller Taxa) die Grenze ihrer Ausbreitung hier haben. Die Mehrheit solcher Arten erreichen ihre n\u00f6rdliche, nord\u00f6stliche oder \u00f6stliche Grenze in Estland (zum Beispiel den Wiesen-Siegwurz, die sibirische Schwertlilie, der wohlriechende H\u00e4ndelwurz, das l\u00e4ngbl\u00e4ttrige und das rote Waldv\u00f6glein, der Efeu und der Schlehdorn) was Anzeichen daf\u00fcr liefert, da\u00df der Gro\u00dfteil der estnischen Flora aus Europa stammt. Allerdings gibt es auch Arten, die hier den westlichen, nordwestlichen, oder s\u00fcdlichen Rand ihres Lebensraums erreichen (z.B. die sibirische Schwertlilie und die Allackerbeere).<\/p>\n<p>B\u00e4renbeobachtung<\/p>\n<p>Estland hat eine kleinere Landfl\u00e4che als seine Nachbarn, aber dies gibt dem europ\u00e4ischen Naturbeobachter die M\u00f6glichkeit, wilde W\u00e4lder und die Tiere in ihnen innerhalb einer kleinen Zeitspanne zu sehen. Sie steigen zwar nicht direkt aus dem Flugzeug in die W\u00e4lder, aber Sie finden inmitten der Sch\u00f6nheit der Natur nach einer Bus- oder Autofahrt von nur blo\u00df einer Stunde. Unser B\u00e4renbeobachtungspaket ist der ideale Wochenendurlaub f\u00fcr Stadtbewohner. Es ist eine ideale M\u00f6glichkeit, Kraft zu sch\u00f6pfen f\u00fcr den Anfang der n\u00e4chsten Arbeitswoche. Die Spannung, die die B\u00e4renbeobachtung bietet, l\u00e4sst Sie die Lasten der Arbeit und der Alltagsprobleme vergessen.<\/p>\n<p>Es gibt \u00fcber 700 B\u00e4ren in unserem kleinen Estland (45\u2019227 km2), etwa die gleiche Zahl wie in Finnland, welches eine wesentlich gr\u00f6\u00dfere Fl\u00e4che hat (338\u2019430,53 km2). Wir haben also drei- bis f\u00fcnfmal mehr B\u00e4ren pro Quadratkilometer als unsere Nachbarl\u00e4nder. Es gibt ca. 200\u2019000 Braunb\u00e4ren in der ganzen Welt.<\/p>\n<p>&nbsp;<\/p>\n<p>&nbsp;<\/p>\n","protected":false},"excerpt":{"rendered":"<p>\u00dcber Estland Estland ist ein Paradies f\u00fcr Naturfreunde: das Land trifft das Meer, die S\u00fcmpfe sind voll mit Urw\u00e4lder, Felder und Fl\u00fcsse und die Seen. Man k\u00f6nnte Estland das K\u00f6nigreich der S\u00fcmpfe nennen, weil \u00fcber ein Viertel des Landes mit S\u00fcmpfen bedeckt ist. In jedem Punkt auf dem Land ist der n\u00e4chste Sumpf immer weniger &hellip; <a href=\"https:\/\/estonianwildlifetours.com\/de\/estland\/\">Continue reading <span class=\"meta-nav\">&rarr;<\/span><\/a><\/p>\n","protected":false},"author":6,"featured_media":0,"parent":0,"menu_order":4,"comment_status":"open","ping_status":"closed","template":"","meta":{"_acf_changed":false,"footnotes":""},"class_list":["post-1459","page","type-page","status-publish","hentry"],"acf":[],"_links":{"self":[{"href":"https:\/\/estonianwildlifetours.com\/de\/wp-json\/wp\/v2\/pages\/1459","targetHints":{"allow":["GET"]}}],"collection":[{"href":"https:\/\/estonianwildlifetours.com\/de\/wp-json\/wp\/v2\/pages"}],"about":[{"href":"https:\/\/estonianwildlifetours.com\/de\/wp-json\/wp\/v2\/types\/page"}],"author":[{"embeddable":true,"href":"https:\/\/estonianwildlifetours.com\/de\/wp-json\/wp\/v2\/users\/6"}],"replies":[{"embeddable":true,"href":"https:\/\/estonianwildlifetours.com\/de\/wp-json\/wp\/v2\/comments?post=1459"}],"version-history":[{"count":0,"href":"https:\/\/estonianwildlifetours.com\/de\/wp-json\/wp\/v2\/pages\/1459\/revisions"}],"wp:attachment":[{"href":"https:\/\/estonianwildlifetours.com\/de\/wp-json\/wp\/v2\/media?parent=1459"}],"curies":[{"name":"wp","href":"https:\/\/api.w.org\/{rel}","templated":true}]}}